{"id":199,"date":"2012-02-13T20:51:00","date_gmt":"2012-02-13T19:51:00","guid":{"rendered":"https:\/\/blogak.goiena.eus\/ilunkaran\/?page_id=199"},"modified":"2022-12-23T20:17:23","modified_gmt":"2022-12-23T19:17:23","slug":"argitalpenak","status":"publish","type":"page","link":"https:\/\/blogak.goiena.eus\/ilunkaran\/argitalpenak\/","title":{"rendered":"Argitalpenak (2012)"},"content":{"rendered":"\n<p>Hementxe dituzue orain arte (2012) argitaratutako artikuluak, zientifiko zein ez-zientifikoak.<\/p>\n\n\n\n<ul class=\"wp-block-list\"><li>Kooperatibetaz (1\/2): Arrasateko Kooperatiben Esperientzia, Euskal kooperatibismoaren indarraren adibide.\u00a0<a href=\"https:\/\/web.archive.org\/web\/20130919065925\/http:\/\/ilunkaran.com\/wp-content\/uploads\/2011\/09\/Enbata-Alda-2193-2011-09-08.pdf\">Enbata \u2013 Alda 2193 \u2013 2011-09-08<\/a><\/li><li>Kooperatibetaz (2\/2): Arrasateko kooperatiben erronkak.\u00a0<a href=\"https:\/\/web.archive.org\/web\/20130919065925\/http:\/\/ilunkaran.com\/wp-content\/uploads\/2012\/04\/Enbata-Alda-2194285.pdf\">Enbata-Alda 2194(285)<\/a><\/li><li>Gesti\u00f3n de la crisis en la Corporaci\u00f3n Mondragon.\u00a0<a href=\"https:\/\/www.euskadi.eus\/web01-a2reveko\/es\/k86aEkonomiazWar\/ekonomiaz\/abrirArticulo?idpubl=75&amp;registro=1192\" target=\"_blank\" rel=\"noreferrer noopener\" aria-label=\" (erlaitz berrian irekia)\">Ekonomiaz, 79 (2012)<\/a>\u00a0(Izaskun Alzola eta Urko Lopez-ekin batera idatzitakoa)<\/li><\/ul>\n\n\n\n<p>Bestalde, hainbat kongresu eta jardunalditan parte hartu dut, honako ponentziekin:<\/p>\n\n\n\n<ul class=\"wp-block-list\"><li>Naroa Elortza, \u201cCrisis Management. The case of MONDRAGON  Corporation\u201d, The Co-operative Research Conference 2012: An alternative  for the 21st century?, Manchester (Ingalaterra), 2012ko uztaila (<a href=\"http:\/\/www.slideshare.net\/naroaeg\/mondragon-manchester-naroa-elortza\" target=\"_blank\" rel=\"noreferrer noopener\" aria-label=\"ppt (erlaitz berrian irekia)\">ppt<\/a>)<\/li><li>Naroa Elortza, Monica Gago, Izaskun Alzola eta Urko Lopez,  \u201cLagun-Aro, EPSV: herramienta de solidaridad entre cooperativas en  tiempos de crisis\u201d, CIRIEC Espa\u00f1a (Donostia-O\u00f1ati), 2012ko ekaina (<a href=\"http:\/\/www.slideshare.net\/naroaeg\/lagunaro-epsv-una-herramienta-para-gestionar-la-crisis\" target=\"_blank\" rel=\"noreferrer noopener\" aria-label=\"ppt (erlaitz berrian irekia)\">ppt<\/a>)<\/li><li>Saioa Arando eta Naroa Elortza, \u201cHerramientas para fomentar la  competitividad en un contexto de crisis: Contribuci\u00f3n desde el Modelo  Cooperativo\u201d, Organizational behaviour and internal flexibility rules in  innovative companies&amp;industrial corporations. Instituto  Internacional de Sociolog\u00eda Jur\u00eddica (O\u00f1ati), 2012ko ekaina&nbsp;(<a href=\"http:\/\/www.slideshare.net\/naroaeg\/gestin-de-la-crisis-en-las-cooperativas-contribucin-de-mondragon-13472897\" target=\"_blank\" rel=\"noreferrer noopener\" aria-label=\"ppt (erlaitz berrian irekia)\">ppt<\/a>)<\/li><li>Saioa Arando eta Naroa Elortza, \u201cHerramientas para fomentar la  competitividad en un contexto de crisis: Contribuci\u00f3n desde el Modelo  Cooperativo\u201d, Simposi Internacional sobre les Contribucions del  Cooperativisme (Bartzelona), 2012ko ekaina&nbsp;&nbsp;(<a href=\"http:\/\/www.slideshare.net\/naroaeg\/gestin-de-la-crisis-en-las-cooperativas-contribucin-de-mondragon-13472897\" target=\"_blank\" rel=\"noreferrer noopener\" aria-label=\"ppt (erlaitz berrian irekia)\">ppt<\/a>)<\/li><li>Naroa Elortza, \u201cCrisis Management. The case of MONDRAGON  Corporation\u201d, Aberdeen Symposium. Sustainable Businesses. Aberdeen  (Eskozia), 2012ko maiatza (<a href=\"http:\/\/www.slideshare.net\/naroaeg\/mondragon-manchester-naroa-elortza\" target=\"_blank\" rel=\"noreferrer noopener\" aria-label=\"ppt (erlaitz berrian irekia)\">ppt<\/a>)<\/li><li>Naroa Elortza, \u201cLa gesti\u00f3n de la crisis en las cooperativas de la  Corporaci\u00f3n Mondragon y su compromiso social y cooperativo\u201d, Instituto  Internacional de Sociolog\u00eda Jur\u00eddica (O\u00f1ati), 2011ko uztaila (<a href=\"http:\/\/www.slideshare.net\/naroaeg\/mondragon-y-la-gestion-de-la-crisis-13429208\" target=\"_blank\" rel=\"noreferrer noopener\" aria-label=\"ppt (erlaitz berrian irekia)\">ppt<\/a>)<\/li><li>Naroa Elortza, \u201cLa gesti\u00f3n de la crisis en las cooperativas de la  Corporaci\u00f3n Mondragon y su compromiso social y cooperativo\u201d, III  Congreso Internacional de Investigaci\u00f3n en Econom\u00eda Social de CIRIEC  (Valladolid), 2011ko apirila<\/li><\/ul>\n","protected":false},"excerpt":{"rendered":"<p>Hementxe dituzue orain arte (2012) argitaratutako artikuluak, zientifiko zein ez-zientifikoak. Kooperatibetaz (1\/2): Arrasateko Kooperatiben Esperientzia, Euskal kooperatibismoaren indarraren adibide.\u00a0Enbata \u2013 Alda 2193 \u2013 2011-09-08 Kooperatibetaz (2\/2): Arrasateko kooperatiben erronkak.\u00a0Enbata-Alda 2194(285) Gesti\u00f3n de la crisis en la Corporaci\u00f3n Mondragon.\u00a0Ekonomiaz, 79 (2012)\u00a0(Izaskun Alzola eta Urko Lopez-ekin batera idatzitakoa) Bestalde, hainbat kongresu eta jardunalditan parte hartu dut, honako ponentziekin: Naroa Elortza, \u201cCrisis Management. The case of MONDRAGON Corporation\u201d, The Co-operative Research Conference 2012: An alternative for the 21st century?, Manchester (Ingalaterra), 2012ko uztaila (ppt) Naroa Elortza, Monica Gago, Izaskun Alzola eta Urko Lopez, \u201cLagun-Aro, EPSV: herramienta de solidaridad entre cooperativas en tiempos de<\/p>\n","protected":false},"author":109,"featured_media":0,"parent":0,"menu_order":0,"comment_status":"closed","ping_status":"closed","template":"","meta":{"ngg_post_thumbnail":0,"footnotes":""},"class_list":["post-199","page","type-page","status-publish","hentry"],"_links":{"self":[{"href":"https:\/\/blogak.goiena.eus\/ilunkaran\/wp-json\/wp\/v2\/pages\/199","targetHints":{"allow":["GET"]}}],"collection":[{"href":"https:\/\/blogak.goiena.eus\/ilunkaran\/wp-json\/wp\/v2\/pages"}],"about":[{"href":"https:\/\/blogak.goiena.eus\/ilunkaran\/wp-json\/wp\/v2\/types\/page"}],"author":[{"embeddable":true,"href":"https:\/\/blogak.goiena.eus\/ilunkaran\/wp-json\/wp\/v2\/users\/109"}],"replies":[{"embeddable":true,"href":"https:\/\/blogak.goiena.eus\/ilunkaran\/wp-json\/wp\/v2\/comments?post=199"}],"version-history":[{"count":4,"href":"https:\/\/blogak.goiena.eus\/ilunkaran\/wp-json\/wp\/v2\/pages\/199\/revisions"}],"predecessor-version":[{"id":372,"href":"https:\/\/blogak.goiena.eus\/ilunkaran\/wp-json\/wp\/v2\/pages\/199\/revisions\/372"}],"wp:attachment":[{"href":"https:\/\/blogak.goiena.eus\/ilunkaran\/wp-json\/wp\/v2\/media?parent=199"}],"curies":[{"name":"wp","href":"https:\/\/api.w.org\/{rel}","templated":true}]}}