{"id":6,"date":"2013-02-21T16:53:33","date_gmt":"2013-02-21T15:53:33","guid":{"rendered":"http:\/\/blogak.goiena.eus\/gertu\/?page_id=6"},"modified":"2013-11-18T22:29:06","modified_gmt":"2013-11-18T21:29:06","slug":"6-2","status":"publish","type":"page","link":"https:\/\/blogak.goiena.eus\/gertu\/6-2\/","title":{"rendered":"Gertu"},"content":{"rendered":"<p>Kalitatezko lehengaiaz landutako jakiak egiten ditugu Gertun. Urte asko dihardugu lanean. Hasieran, bakailaoa izan da gurean produkturik preziatuena. Baita txipiroiak, tripakiak, kanutiloak, eta bizpahiru berezitasun.<\/p>\n<p>Etxeko errezetan prestatuta, harrera bikaina izan dute itsaskiek, txahalkiak, urdekiak edota ortuko lehengaiekin osatutako jakiak.<\/p>\n<p>Orduko berezitasunak mantentzen ditugu gaur egun, eskaintza zabalagoa badugu ere. Besteak beste, janari begetarianoa lantzen dugu. Esaterako, espinaka-lasagna, onddoez beteriko kalabazinak edota menestra. Denetarik aurki dezakezu gurean, hasierako hotz zein beroak, arrainak, haragiak, postreak. Eta guztia bertan prestatua.<\/p>\n<p><img decoding=\"async\" alt=\"\" src=\"http:\/\/zaharra.goiena.net\/blogak\/gertu\/doc\/platerrak.jpg\" \/><\/p>\n<p>*En Gertu, preparamos comidas elaboradas con materias primas de calidad. Llevamos muchos a\u00f1os trabajando. Al principio el producto m\u00e1s apreciado era el bacalao. Tambi\u00e9n chipirones, callos, canutillos y otras variedades.*<\/p>\n<p>*Seguimos manteniendo las caracter\u00edsticas de entonces y adem\u00e1s, hoy en d\u00eda tenemos mayor variedad. Entre otros alimentos, preparamos platos vegetarianas. Por ejemplo, lasagna de espinacas, calabacines rellenos de hongos o menestra. Podr\u00e1s encontrar de todo: entrantes fr\u00edos o calientes, pescados, carnes y postres. Todo preparado en casa.*<\/p>\n","protected":false},"excerpt":{"rendered":"<p>Kalitatezko lehengaiaz landutako jakiak egiten ditugu Gertun. Urte asko dihardugu lanean. Hasieran, bakailaoa izan da gurean produkturik preziatuena. Baita txipiroiak, tripakiak, kanutiloak, eta bizpahiru berezitasun. Etxeko errezetan prestatuta, harrera bikaina izan dute itsaskiek, txahalkiak, urdekiak edota ortuko lehengaiekin osatutako jakiak. Orduko berezitasunak mantentzen ditugu gaur egun, eskaintza zabalagoa badugu ere. Besteak beste, janari begetarianoa lantzen [&hellip;]<\/p>\n","protected":false},"author":47,"featured_media":0,"parent":0,"menu_order":0,"comment_status":"open","ping_status":"open","template":"page-templates\/full-width.php","meta":{"ngg_post_thumbnail":0,"footnotes":""},"class_list":["post-6","page","type-page","status-publish","hentry"],"_links":{"self":[{"href":"https:\/\/blogak.goiena.eus\/gertu\/wp-json\/wp\/v2\/pages\/6","targetHints":{"allow":["GET"]}}],"collection":[{"href":"https:\/\/blogak.goiena.eus\/gertu\/wp-json\/wp\/v2\/pages"}],"about":[{"href":"https:\/\/blogak.goiena.eus\/gertu\/wp-json\/wp\/v2\/types\/page"}],"author":[{"embeddable":true,"href":"https:\/\/blogak.goiena.eus\/gertu\/wp-json\/wp\/v2\/users\/47"}],"replies":[{"embeddable":true,"href":"https:\/\/blogak.goiena.eus\/gertu\/wp-json\/wp\/v2\/comments?post=6"}],"version-history":[{"count":5,"href":"https:\/\/blogak.goiena.eus\/gertu\/wp-json\/wp\/v2\/pages\/6\/revisions"}],"predecessor-version":[{"id":118,"href":"https:\/\/blogak.goiena.eus\/gertu\/wp-json\/wp\/v2\/pages\/6\/revisions\/118"}],"wp:attachment":[{"href":"https:\/\/blogak.goiena.eus\/gertu\/wp-json\/wp\/v2\/media?parent=6"}],"curies":[{"name":"wp","href":"https:\/\/api.w.org\/{rel}","templated":true}]}}