{"id":42,"date":"2013-05-15T09:40:47","date_gmt":"2013-05-15T08:40:47","guid":{"rendered":"http:\/\/blogak.goiena.eus\/galgorri\/?page_id=42"},"modified":"2018-02-22T11:46:47","modified_gmt":"2018-02-22T10:46:47","slug":"galgorri","status":"publish","type":"page","link":"https:\/\/blogak.goiena.eus\/galgorri\/galgorri\/","title":{"rendered":"Goxart &#8211; Galgorri"},"content":{"rendered":"<p>Galgorri 1986an sortu zen gaur egun <strong>GOXART<\/strong> izenarekin gozogintza dietetikoa lantzeko asmoarekin. Gaur egungo elikaduraren beharretara egokitzeko asmoz, gure produktuak zuntz askokoak eta kolesterol gutxikoak dira. Produktuak egiteko ez dugu ez kontserbagarririk ezta koloratzailerik erabiltzen. Hala, elikadura osasuntsu eta naturalaren alde egiten dugu.<\/p>\n<p><em>Galgorri surge como empresa en el a\u00f1o 1986 hoy en d\u00eda <strong>GOXART<\/strong>, dedic\u00e1ndose a la elaboraci\u00f3n de reposter\u00eda diet\u00e9tica. Con el objetivo de adaptarse a las necesidades de la alimentaci\u00f3n moderna, nuestros productos son ricos en fibra y bajos en colesterol, no utilizando en su preparaci\u00f3n conservantes ni colorantes, contribuyendo de este modo a una dieta sana y natural.<\/em><\/p>\n","protected":false},"excerpt":{"rendered":"<p>Galgorri 1986an sortu zen gaur egun GOXART izenarekin gozogintza dietetikoa lantzeko asmoarekin. Gaur egungo elikaduraren beharretara egokitzeko asmoz, gure produktuak zuntz askokoak eta kolesterol gutxikoak dira. Produktuak egiteko ez dugu ez kontserbagarririk ezta koloratzailerik erabiltzen. Hala, elikadura osasuntsu eta naturalaren alde egiten dugu. Galgorri surge como empresa en el a\u00f1o 1986 hoy en d\u00eda GOXART, [&hellip;]<\/p>\n","protected":false},"author":79,"featured_media":0,"parent":0,"menu_order":0,"comment_status":"open","ping_status":"open","template":"","meta":{"ngg_post_thumbnail":0,"footnotes":""},"class_list":["post-42","page","type-page","status-publish","hentry"],"_links":{"self":[{"href":"https:\/\/blogak.goiena.eus\/galgorri\/wp-json\/wp\/v2\/pages\/42","targetHints":{"allow":["GET"]}}],"collection":[{"href":"https:\/\/blogak.goiena.eus\/galgorri\/wp-json\/wp\/v2\/pages"}],"about":[{"href":"https:\/\/blogak.goiena.eus\/galgorri\/wp-json\/wp\/v2\/types\/page"}],"author":[{"embeddable":true,"href":"https:\/\/blogak.goiena.eus\/galgorri\/wp-json\/wp\/v2\/users\/79"}],"replies":[{"embeddable":true,"href":"https:\/\/blogak.goiena.eus\/galgorri\/wp-json\/wp\/v2\/comments?post=42"}],"version-history":[{"count":3,"href":"https:\/\/blogak.goiena.eus\/galgorri\/wp-json\/wp\/v2\/pages\/42\/revisions"}],"predecessor-version":[{"id":559,"href":"https:\/\/blogak.goiena.eus\/galgorri\/wp-json\/wp\/v2\/pages\/42\/revisions\/559"}],"wp:attachment":[{"href":"https:\/\/blogak.goiena.eus\/galgorri\/wp-json\/wp\/v2\/media?parent=42"}],"curies":[{"name":"wp","href":"https:\/\/api.w.org\/{rel}","templated":true}]}}